{"id":30,"date":"2026-04-29T17:50:37","date_gmt":"2026-04-29T17:50:37","guid":{"rendered":"https:\/\/www.meteomaroc.org\/?page_id=30"},"modified":"2026-05-04T22:20:29","modified_gmt":"2026-05-04T22:20:29","slug":"contact","status":"publish","type":"page","link":"https:\/\/www.meteomaroc.org\/ar\/contact\/","title":{"rendered":"Contact"},"content":{"rendered":"<div data-elementor-type=\"wp-page\" data-elementor-id=\"30\" class=\"elementor elementor-30\">\n\t\t\t\t<div class=\"elementor-element elementor-element-39ed342 e-flex e-con-boxed e-con e-parent\" data-id=\"39ed342\" data-element_type=\"container\" data-e-type=\"container\">\n\t\t\t\t\t<div class=\"e-con-inner\">\n\t\t\t\t<div class=\"elementor-element elementor-element-a752143 elementor-widget elementor-widget-html\" data-id=\"a752143\" data-element_type=\"widget\" data-e-type=\"widget\" data-widget_type=\"html.default\">\n\t\t\t\t\t<div style=\"padding: 50px 20px;\">\r\n\r\n    <!-- Hero -->\r\n    <div style=\"        background: linear-gradient(135deg, #1B3F6B, #2E6DAD);        border-radius: 16px;        padding: 50px 30px;        text-align: center;        margin-bottom: 40px;    \">\r\n        <div style=\"font-size: 60px; margin-bottom: 20px;\">\u2600\ufe0f<\/div>\r\n        <h1 style=\"color: #FFFFFF; font-size: 36px; margin-bottom: 15px;\">\r\n            \u062d\u0648\u0644 \u0637\u0642\u0633 \u0627\u0644\u0645\u063a\u0631\u0628\r\n        <\/h1>\r\n        <p style=\"color: #BDD5EA; font-size: 18px; max-width: 600px; margin: 0 auto;\">\r\n            \u0645\u0631\u062c\u0639 \u0627\u0644\u0637\u0642\u0633 \u0627\u0644\u062e\u0627\u0635 \u0628\u0643 \u0644\u062c\u0645\u064a\u0639 \u0645\u062f\u0646 \u0627\u0644\u0645\u063a\u0631\u0628\r\n        <\/p>\r\n    <\/div>\r\n\r\n    <!-- Mission -->\r\n    <div style=\"        background: #F0F4F8;        border-radius: 12px;        padding: 35px;        margin-bottom: 30px;    \">\r\n        <h2 style=\"color: #1B3F6B; margin-bottom: 15px;\">\ud83c\udfaf \u0645\u0647\u0645\u062a\u0646\u0627<\/h2>\r\n        <p style=\"color: #444; font-size: 16px; line-height: 1.8;\">\r\n            \u0645\u064a\u062a\u064a\u0648 \u0627\u0644\u0645\u063a\u0631\u0628 \u062e\u062f\u0645\u0629 \u0645\u062c\u0627\u0646\u064a\u0629 \u062a\u0642\u062f\u0645 \u062a\u0648\u0642\u0639\u0627\u062a \u062c\u0648\u064a\u0629 \u062f\u0642\u064a\u0642\u0629 \u0648\u0641\u064a \u0627\u0644\u0648\u0642\u062a \u0627\u0644\u0641\u0639\u0644\u064a \u0644\u062c\u0645\u064a\u0639 \u0645\u062f\u0646 \u0627\u0644\u0645\u063a\u0631\u0628. \u0646\u0633\u062a\u062e\u062f\u0645 \u0628\u064a\u0627\u0646\u0627\u062a OpenWeatherMap \u0644\u0646\u0642\u062f\u0645 \u0644\u0643 \u0645\u0639\u0644\u0648\u0645\u0627\u062a \u0645\u0648\u062b\u0648\u0642\u0629 \u0642\u062f\u0631 \u0627\u0644\u0625\u0645\u0643\u0627\u0646.\r\n        <\/p>\r\n    <\/div>\r\n\r\n    <!-- Stats -->\r\n    <div style=\"        display: grid;        grid-template-columns: repeat(3, 1fr);        gap: 20px;        margin-bottom: 30px;    \">\r\n        <div style=\"            background: #1B3F6B;            border-radius: 12px;            padding: 30px;            text-align: center;        \">\r\n            <div style=\"color: #BDD5EA; font-size: 42px; font-weight: 700;\">+50<\/div>\r\n            <div style=\"color: #FFFFFF; font-size: 16px; margin-top: 8px;\">\u062a\u063a\u0637\u064a\u0629 \u0627\u0644\u0645\u062f\u0646<\/div>\r\n        <\/div>\r\n        <div style=\"            background: #1B3F6B;            border-radius: 12px;            padding: 30px;            text-align: center;        \">\r\n            <div style=\"color: #BDD5EA; font-size: 42px; font-weight: 700;\">24\/7<\/div>\r\n            <div style=\"color: #FFFFFF; font-size: 16px; margin-top: 8px;\">\u0645\u062a\u0627\u062d<\/div>\r\n        <\/div>\r\n        <div style=\"            background: #1B3F6B;            border-radius: 12px;            padding: 30px;            text-align: center;        \">\r\n            <div style=\"color: #BDD5EA; font-size: 42px; font-weight: 700;\">100%<\/div>\r\n            <div style=\"color: #FFFFFF; font-size: 16px; margin-top: 8px;\">\u0645\u062c\u0627\u0646\u064a<\/div>\r\n        <\/div>\r\n    <\/div>\r\n\r\n    <!-- Contact -->\r\n    <div style=\"        background: #F0F4F8;        border-radius: 12px;        padding: 35px;        text-align: center;    \">\r\n        <h2 style=\"color: #1B3F6B; margin-bottom: 15px;\">\ud83d\udcec \u0644\u0644\u062a\u0648\u0627\u0635\u0644<\/h2>\r\n        <p style=\"color: #444; font-size: 16px; line-height: 1.8;\">\r\n            \u0647\u0644 \u0644\u062f\u064a\u0643 \u0633\u0624\u0627\u0644\u061f \u0647\u0644 \u0644\u062f\u064a\u0643 \u0627\u0642\u062a\u0631\u0627\u062d\u061f<br>\r\n            \u0627\u062a\u0635\u0644 \u0628\u0646\u0627 \u0639\u0644\u0649: \r\n            <a href=\"mailto:contact@meteomaroc.org\" \r\n               style=\"color: #2E6DAD; font-weight: 600;\">\r\n                contact@meteomaroc.org\r\n            <\/a>\r\n        <\/p>\r\n    <\/div>\r\n\r\n<\/div>\t\t\t\t<\/div>\n\t\t\t\t\t<\/div>\n\t\t\t\t<\/div>\n\t\t\t\t<\/div>","protected":false},"excerpt":{"rendered":"<p>\ud83c\udf24\ufe0f \u0639\u0646 \u0637\u0642\u0633 \u0627\u0644\u0645\u063a\u0631\u0628 \u0645\u0631\u062c\u0639\u0643 \u0644\u0644\u0623\u062d\u0648\u0627\u0644 \u0627\u0644\u062c\u0648\u064a\u0629 \u0644\u062c\u0645\u064a\u0639 \u0645\u062f\u0646 \u0627\u0644\u0645\u063a\u0631\u0628 \ud83c\udfaf \u0645\u0647\u0645\u062a\u0646\u0627 \u0637\u0642\u0633 \u0627\u0644\u0645\u063a\u0631\u0628 \u062e\u062f\u0645\u0629 \u0645\u062c\u0627\u0646\u064a\u0629 \u062a\u0642\u062f\u0645 ... <\/p>","protected":false},"author":1,"featured_media":0,"parent":0,"menu_order":0,"comment_status":"closed","ping_status":"closed","template":"","meta":{"_monsterinsights_skip_tracking":false,"_monsterinsights_sitenote_active":false,"_monsterinsights_sitenote_note":"","_monsterinsights_sitenote_category":0,"_uf_show_specific_survey":0,"_uf_disable_surveys":false,"footnotes":""},"class_list":["post-30","page","type-page","status-publish","hentry"],"yoast_head":"<!-- This site is optimized with the Yoast SEO Premium plugin v27.6 (Yoast SEO v27.6) - https:\/\/yoast.com\/product\/yoast-seo-premium-wordpress\/ -->\n<title>Contact - M\u00e9t\u00e9o Maroc<\/title>\n<meta name=\"robots\" content=\"noindex, follow\" \/>\n<meta property=\"og:locale\" content=\"ar_AR\" \/>\n<meta property=\"og:type\" content=\"article\" \/>\n<meta property=\"og:title\" content=\"Contact\" \/>\n<meta property=\"og:description\" content=\"\ud83c\udf24\ufe0f \u00c0 propos de M\u00e9t\u00e9o Maroc Votre r\u00e9f\u00e9rence m\u00e9t\u00e9o pour toutes les villes du Maroc \ud83c\udfaf Notre mission M\u00e9t\u00e9o Maroc est un service gratuit qui &hellip;\" \/>\n<meta property=\"og:url\" content=\"https:\/\/www.meteomaroc.org\/ar\/contact\/\" \/>\n<meta property=\"og:site_name\" content=\"M\u00e9t\u00e9o Maroc\" \/>\n<meta property=\"article:modified_time\" content=\"2026-05-04T22:20:29+00:00\" \/>\n<meta name=\"twitter:card\" content=\"summary_large_image\" \/>\n<meta name=\"twitter:label1\" content=\"\u0648\u0642\u062a \u0627\u0644\u0642\u0631\u0627\u0621\u0629 \u0627\u0644\u0645\u064f\u0642\u062f\u0651\u0631\" \/>\n\t<meta name=\"twitter:data1\" content=\"\u062f\u0642\u064a\u0642\u0629 \u0648\u0627\u062d\u062f\u0629\" \/>\n<script type=\"application\/ld+json\" class=\"yoast-schema-graph\">{\"@context\":\"https:\\\/\\\/schema.org\",\"@graph\":[{\"@type\":\"WebPage\",\"@id\":\"https:\\\/\\\/www.meteomaroc.org\\\/contact\\\/\",\"url\":\"https:\\\/\\\/www.meteomaroc.org\\\/contact\\\/\",\"name\":\"Contact - M\u00e9t\u00e9o Maroc\",\"isPartOf\":{\"@id\":\"https:\\\/\\\/www.meteomaroc.org\\\/#website\"},\"datePublished\":\"2026-04-29T17:50:37+00:00\",\"dateModified\":\"2026-05-04T22:20:29+00:00\",\"breadcrumb\":{\"@id\":\"https:\\\/\\\/www.meteomaroc.org\\\/contact\\\/#breadcrumb\"},\"inLanguage\":\"ar\",\"potentialAction\":[{\"@type\":\"ReadAction\",\"target\":[\"https:\\\/\\\/www.meteomaroc.org\\\/contact\\\/\"]}]},{\"@type\":\"BreadcrumbList\",\"@id\":\"https:\\\/\\\/www.meteomaroc.org\\\/contact\\\/#breadcrumb\",\"itemListElement\":[{\"@type\":\"ListItem\",\"position\":1,\"name\":\"Accueil\",\"item\":\"https:\\\/\\\/www.meteomaroc.org\\\/\"},{\"@type\":\"ListItem\",\"position\":2,\"name\":\"Contact\"}]},{\"@type\":\"WebSite\",\"@id\":\"https:\\\/\\\/www.meteomaroc.org\\\/#website\",\"url\":\"https:\\\/\\\/www.meteomaroc.org\\\/\",\"name\":\"M\u00e9t\u00e9o Maroc\",\"description\":\"M\u00e9t\u00e9o Maroc - Pr\u00e9visions 7 Jours &amp; Temps R\u00e9el | MeteoMaroc\",\"publisher\":{\"@id\":\"https:\\\/\\\/www.meteomaroc.org\\\/#organization\"},\"alternateName\":\"MeteoMaroc\",\"potentialAction\":[{\"@type\":\"SearchAction\",\"target\":{\"@type\":\"EntryPoint\",\"urlTemplate\":\"https:\\\/\\\/www.meteomaroc.org\\\/?s={search_term_string}\"},\"query-input\":{\"@type\":\"PropertyValueSpecification\",\"valueRequired\":true,\"valueName\":\"search_term_string\"}}],\"inLanguage\":\"ar\"},{\"@type\":[\"Organization\",\"Place\"],\"@id\":\"https:\\\/\\\/www.meteomaroc.org\\\/#organization\",\"name\":\"M\u00e9t\u00e9o Maroc - Pr\u00e9visions M\u00e9t\u00e9orologiques\",\"alternateName\":\"MeteoMaroc\",\"url\":\"https:\\\/\\\/www.meteomaroc.org\\\/\",\"logo\":{\"@id\":\"https:\\\/\\\/www.meteomaroc.org\\\/contact\\\/#local-main-organization-logo\"},\"image\":{\"@id\":\"https:\\\/\\\/www.meteomaroc.org\\\/contact\\\/#local-main-organization-logo\"},\"telephone\":[],\"openingHoursSpecification\":[{\"@type\":\"OpeningHoursSpecification\",\"dayOfWeek\":[\"Monday\",\"Tuesday\",\"Wednesday\",\"Thursday\",\"Friday\",\"Saturday\",\"Sunday\"],\"opens\":\"09:00\",\"closes\":\"17:00\"}]},{\"@type\":\"ImageObject\",\"inLanguage\":\"ar\",\"@id\":\"https:\\\/\\\/www.meteomaroc.org\\\/contact\\\/#local-main-organization-logo\",\"url\":\"https:\\\/\\\/www.meteomaroc.org\\\/wp-content\\\/uploads\\\/2026\\\/05\\\/cropped-cropped-logo-meteo-maroc-250x80-1.png\",\"contentUrl\":\"https:\\\/\\\/www.meteomaroc.org\\\/wp-content\\\/uploads\\\/2026\\\/05\\\/cropped-cropped-logo-meteo-maroc-250x80-1.png\",\"width\":70,\"height\":80,\"caption\":\"M\u00e9t\u00e9o Maroc - Pr\u00e9visions M\u00e9t\u00e9orologiques\"}]}<\/script>\n<!-- \/ Yoast SEO Premium plugin. -->","yoast_head_json":{"title":"Contact - M\u00e9t\u00e9o Maroc","robots":{"index":"noindex","follow":"follow"},"og_locale":"ar_AR","og_type":"article","og_title":"Contact","og_description":"\ud83c\udf24\ufe0f \u00c0 propos de M\u00e9t\u00e9o Maroc Votre r\u00e9f\u00e9rence m\u00e9t\u00e9o pour toutes les villes du Maroc \ud83c\udfaf Notre mission M\u00e9t\u00e9o Maroc est un service gratuit qui &hellip;","og_url":"https:\/\/www.meteomaroc.org\/ar\/contact\/","og_site_name":"M\u00e9t\u00e9o Maroc","article_modified_time":"2026-05-04T22:20:29+00:00","twitter_card":"summary_large_image","twitter_misc":{"\u0648\u0642\u062a \u0627\u0644\u0642\u0631\u0627\u0621\u0629 \u0627\u0644\u0645\u064f\u0642\u062f\u0651\u0631":"\u062f\u0642\u064a\u0642\u0629 \u0648\u0627\u062d\u062f\u0629"},"schema":{"@context":"https:\/\/schema.org","@graph":[{"@type":"WebPage","@id":"https:\/\/www.meteomaroc.org\/contact\/","url":"https:\/\/www.meteomaroc.org\/contact\/","name":"Contact - M\u00e9t\u00e9o Maroc","isPartOf":{"@id":"https:\/\/www.meteomaroc.org\/#website"},"datePublished":"2026-04-29T17:50:37+00:00","dateModified":"2026-05-04T22:20:29+00:00","breadcrumb":{"@id":"https:\/\/www.meteomaroc.org\/contact\/#breadcrumb"},"inLanguage":"ar","potentialAction":[{"@type":"ReadAction","target":["https:\/\/www.meteomaroc.org\/contact\/"]}]},{"@type":"BreadcrumbList","@id":"https:\/\/www.meteomaroc.org\/contact\/#breadcrumb","itemListElement":[{"@type":"ListItem","position":1,"name":"Accueil","item":"https:\/\/www.meteomaroc.org\/"},{"@type":"ListItem","position":2,"name":"Contact"}]},{"@type":"WebSite","@id":"https:\/\/www.meteomaroc.org\/#website","url":"https:\/\/www.meteomaroc.org\/","name":"\u0637\u0642\u0633 \u0627\u0644\u0645\u063a\u0631\u0628","description":"M\u00e9t\u00e9o Maroc - Pr\u00e9visions 7 Jours &amp; Temps R\u00e9el | MeteoMaroc","publisher":{"@id":"https:\/\/www.meteomaroc.org\/#organization"},"alternateName":"MeteoMaroc","potentialAction":[{"@type":"SearchAction","target":{"@type":"EntryPoint","urlTemplate":"https:\/\/www.meteomaroc.org\/?s={search_term_string}"},"query-input":{"@type":"PropertyValueSpecification","valueRequired":true,"valueName":"search_term_string"}}],"inLanguage":"ar"},{"@type":["Organization","Place"],"@id":"https:\/\/www.meteomaroc.org\/#organization","name":"M\u00e9t\u00e9o Maroc - Pr\u00e9visions M\u00e9t\u00e9orologiques","alternateName":"MeteoMaroc","url":"https:\/\/www.meteomaroc.org\/","logo":{"@id":"https:\/\/www.meteomaroc.org\/contact\/#local-main-organization-logo"},"image":{"@id":"https:\/\/www.meteomaroc.org\/contact\/#local-main-organization-logo"},"telephone":[],"openingHoursSpecification":[{"@type":"OpeningHoursSpecification","dayOfWeek":["Monday","Tuesday","Wednesday","Thursday","Friday","Saturday","Sunday"],"opens":"09:00","closes":"17:00"}]},{"@type":"ImageObject","inLanguage":"ar","@id":"https:\/\/www.meteomaroc.org\/contact\/#local-main-organization-logo","url":"https:\/\/www.meteomaroc.org\/wp-content\/uploads\/2026\/05\/cropped-cropped-logo-meteo-maroc-250x80-1.png","contentUrl":"https:\/\/www.meteomaroc.org\/wp-content\/uploads\/2026\/05\/cropped-cropped-logo-meteo-maroc-250x80-1.png","width":70,"height":80,"caption":"M\u00e9t\u00e9o Maroc - Pr\u00e9visions M\u00e9t\u00e9orologiques"}]}},"_links":{"self":[{"href":"https:\/\/www.meteomaroc.org\/ar\/wp-json\/wp\/v2\/pages\/30","targetHints":{"allow":["GET"]}}],"collection":[{"href":"https:\/\/www.meteomaroc.org\/ar\/wp-json\/wp\/v2\/pages"}],"about":[{"href":"https:\/\/www.meteomaroc.org\/ar\/wp-json\/wp\/v2\/types\/page"}],"author":[{"embeddable":true,"href":"https:\/\/www.meteomaroc.org\/ar\/wp-json\/wp\/v2\/users\/1"}],"replies":[{"embeddable":true,"href":"https:\/\/www.meteomaroc.org\/ar\/wp-json\/wp\/v2\/comments?post=30"}],"version-history":[{"count":1,"href":"https:\/\/www.meteomaroc.org\/ar\/wp-json\/wp\/v2\/pages\/30\/revisions"}],"predecessor-version":[{"id":400,"href":"https:\/\/www.meteomaroc.org\/ar\/wp-json\/wp\/v2\/pages\/30\/revisions\/400"}],"wp:attachment":[{"href":"https:\/\/www.meteomaroc.org\/ar\/wp-json\/wp\/v2\/media?parent=30"}],"curies":[{"name":"wp","href":"https:\/\/api.w.org\/{rel}","templated":true}]}}