{"id":440,"date":"2026-05-07T00:09:50","date_gmt":"2026-05-07T00:09:50","guid":{"rendered":"https:\/\/www.meteomaroc.org\/politique-de-confidentialite\/"},"modified":"2026-05-07T00:09:50","modified_gmt":"2026-05-07T00:09:50","slug":"politique-de-confidentialite","status":"publish","type":"page","link":"https:\/\/www.meteomaroc.org\/ar\/politique-de-confidentialite\/","title":{"rendered":"Politique de confidentialit\u00e9"},"content":{"rendered":"<h2>Politique de confidentialit\u00e9<\/h2>\n<p>Derni\u00e8re mise \u00e0 jour : Mai 2026<\/p>\n<p>MeteoMaroc.org collecte uniquement des donn\u00e9es de navigation anonymes afin d&rsquo;am\u00e9liorer l&rsquo;exp\u00e9rience utilisateur. Nous utilisons Google Analytics et Google AdSense, qui peuvent d\u00e9poser des cookies sur votre navigateur.<\/p>\n<h3>Cookies et publicit\u00e9<\/h3>\n<p>Google AdSense utilise des cookies pour afficher des annonces personnalis\u00e9es. Vous pouvez d\u00e9sactiver la personnalisation des annonces sur <a href=\"https:\/\/www.google.com\/settings\/ads\">google.com\/settings\/ads<\/a>. Pour en savoir plus sur la politique de confidentialit\u00e9 de Google : <a href=\"https:\/\/policies.google.com\/privacy\">policies.google.com\/privacy<\/a>.<\/p>\n<h3>Vos donn\u00e9es<\/h3>\n<p>Nous ne vendons jamais vos donn\u00e9es. Conform\u00e9ment au RGPD, vous pouvez demander l&rsquo;acc\u00e8s, la rectification ou la suppression de vos donn\u00e9es en nous contactant \u00e0 contact@meteomaroc.org.<\/p>\n<h3>Contact<\/h3>\n<p>Pour toute question : <a href=\"\/ar\/contact\/\">page de contact<\/a> \u2014 contact@meteomaroc.org<\/p>","protected":false},"excerpt":{"rendered":"<p>Politique de confidentialit\u00e9 Derni\u00e8re mise \u00e0 jour : Mai 2026 MeteoMaroc.org collecte uniquement des donn\u00e9es de navigation anonymes afin d&rsquo;am\u00e9liorer l&rsquo;exp\u00e9rience utilisateur. Nous utilisons Google &hellip; <\/p>","protected":false},"author":1,"featured_media":0,"parent":0,"menu_order":0,"comment_status":"closed","ping_status":"closed","template":"","meta":{"_monsterinsights_skip_tracking":false,"_monsterinsights_sitenote_active":false,"_monsterinsights_sitenote_note":"","_monsterinsights_sitenote_category":0,"_uf_show_specific_survey":0,"_uf_disable_surveys":false,"footnotes":""},"class_list":["post-440","page","type-page","status-publish","hentry"],"yoast_head":"<!-- This site is optimized with the Yoast SEO Premium plugin v27.6 (Yoast SEO v27.6) - https:\/\/yoast.com\/product\/yoast-seo-premium-wordpress\/ -->\n<title>Politique de confidentialit\u00e9 - M\u00e9t\u00e9o Maroc<\/title>\n<meta name=\"robots\" content=\"index, follow, max-snippet:-1, max-image-preview:large, max-video-preview:-1\" \/>\n<link rel=\"canonical\" href=\"https:\/\/www.meteomaroc.org\/ar\/politique-de-confidentialite\/\" \/>\n<meta property=\"og:locale\" content=\"ar_AR\" \/>\n<meta property=\"og:type\" content=\"article\" \/>\n<meta property=\"og:title\" content=\"Politique de confidentialit\u00e9\" \/>\n<meta property=\"og:description\" content=\"Politique de confidentialit\u00e9 Derni\u00e8re mise \u00e0 jour : Mai 2026 MeteoMaroc.org collecte uniquement des donn\u00e9es de navigation anonymes afin d&rsquo;am\u00e9liorer l&rsquo;exp\u00e9rience utilisateur. Nous utilisons Google &hellip;\" \/>\n<meta property=\"og:url\" content=\"https:\/\/www.meteomaroc.org\/ar\/politique-de-confidentialite\/\" \/>\n<meta property=\"og:site_name\" content=\"M\u00e9t\u00e9o Maroc\" \/>\n<meta name=\"twitter:card\" content=\"summary_large_image\" \/>\n<meta name=\"twitter:label1\" content=\"\u0648\u0642\u062a \u0627\u0644\u0642\u0631\u0627\u0621\u0629 \u0627\u0644\u0645\u064f\u0642\u062f\u0651\u0631\" \/>\n\t<meta name=\"twitter:data1\" content=\"\u062f\u0642\u064a\u0642\u0629 \u0648\u0627\u062d\u062f\u0629\" \/>\n<script type=\"application\/ld+json\" class=\"yoast-schema-graph\">{\"@context\":\"https:\\\/\\\/schema.org\",\"@graph\":[{\"@type\":\"WebPage\",\"@id\":\"https:\\\/\\\/www.meteomaroc.org\\\/politique-de-confidentialite\\\/\",\"url\":\"https:\\\/\\\/www.meteomaroc.org\\\/politique-de-confidentialite\\\/\",\"name\":\"Politique de confidentialit\u00e9 - M\u00e9t\u00e9o Maroc\",\"isPartOf\":{\"@id\":\"https:\\\/\\\/www.meteomaroc.org\\\/#website\"},\"datePublished\":\"2026-05-07T00:09:50+00:00\",\"breadcrumb\":{\"@id\":\"https:\\\/\\\/www.meteomaroc.org\\\/politique-de-confidentialite\\\/#breadcrumb\"},\"inLanguage\":\"ar\",\"potentialAction\":[{\"@type\":\"ReadAction\",\"target\":[\"https:\\\/\\\/www.meteomaroc.org\\\/politique-de-confidentialite\\\/\"]}]},{\"@type\":\"BreadcrumbList\",\"@id\":\"https:\\\/\\\/www.meteomaroc.org\\\/politique-de-confidentialite\\\/#breadcrumb\",\"itemListElement\":[{\"@type\":\"ListItem\",\"position\":1,\"name\":\"Accueil\",\"item\":\"https:\\\/\\\/www.meteomaroc.org\\\/\"},{\"@type\":\"ListItem\",\"position\":2,\"name\":\"Politique de confidentialit\u00e9\"}]},{\"@type\":\"WebSite\",\"@id\":\"https:\\\/\\\/www.meteomaroc.org\\\/#website\",\"url\":\"https:\\\/\\\/www.meteomaroc.org\\\/\",\"name\":\"M\u00e9t\u00e9o Maroc\",\"description\":\"M\u00e9t\u00e9o Maroc - Pr\u00e9visions 7 Jours &amp; Temps R\u00e9el | MeteoMaroc\",\"publisher\":{\"@id\":\"https:\\\/\\\/www.meteomaroc.org\\\/#organization\"},\"alternateName\":\"MeteoMaroc\",\"potentialAction\":[{\"@type\":\"SearchAction\",\"target\":{\"@type\":\"EntryPoint\",\"urlTemplate\":\"https:\\\/\\\/www.meteomaroc.org\\\/?s={search_term_string}\"},\"query-input\":{\"@type\":\"PropertyValueSpecification\",\"valueRequired\":true,\"valueName\":\"search_term_string\"}}],\"inLanguage\":\"ar\"},{\"@type\":[\"Organization\",\"Place\"],\"@id\":\"https:\\\/\\\/www.meteomaroc.org\\\/#organization\",\"name\":\"M\u00e9t\u00e9o Maroc - Pr\u00e9visions M\u00e9t\u00e9orologiques\",\"alternateName\":\"MeteoMaroc\",\"url\":\"https:\\\/\\\/www.meteomaroc.org\\\/\",\"logo\":{\"@id\":\"https:\\\/\\\/www.meteomaroc.org\\\/politique-de-confidentialite\\\/#local-main-organization-logo\"},\"image\":{\"@id\":\"https:\\\/\\\/www.meteomaroc.org\\\/politique-de-confidentialite\\\/#local-main-organization-logo\"},\"telephone\":[],\"openingHoursSpecification\":[{\"@type\":\"OpeningHoursSpecification\",\"dayOfWeek\":[\"Monday\",\"Tuesday\",\"Wednesday\",\"Thursday\",\"Friday\",\"Saturday\",\"Sunday\"],\"opens\":\"09:00\",\"closes\":\"17:00\"}]},{\"@type\":\"ImageObject\",\"inLanguage\":\"ar\",\"@id\":\"https:\\\/\\\/www.meteomaroc.org\\\/politique-de-confidentialite\\\/#local-main-organization-logo\",\"url\":\"https:\\\/\\\/www.meteomaroc.org\\\/wp-content\\\/uploads\\\/2026\\\/05\\\/cropped-cropped-logo-meteo-maroc-250x80-1.png\",\"contentUrl\":\"https:\\\/\\\/www.meteomaroc.org\\\/wp-content\\\/uploads\\\/2026\\\/05\\\/cropped-cropped-logo-meteo-maroc-250x80-1.png\",\"width\":70,\"height\":80,\"caption\":\"M\u00e9t\u00e9o Maroc - Pr\u00e9visions M\u00e9t\u00e9orologiques\"}]}<\/script>\n<!-- \/ Yoast SEO Premium plugin. -->","yoast_head_json":{"title":"Politique de confidentialit\u00e9 - M\u00e9t\u00e9o Maroc","robots":{"index":"index","follow":"follow","max-snippet":"max-snippet:-1","max-image-preview":"max-image-preview:large","max-video-preview":"max-video-preview:-1"},"canonical":"https:\/\/www.meteomaroc.org\/ar\/politique-de-confidentialite\/","og_locale":"ar_AR","og_type":"article","og_title":"Politique de confidentialit\u00e9","og_description":"Politique de confidentialit\u00e9 Derni\u00e8re mise \u00e0 jour : Mai 2026 MeteoMaroc.org collecte uniquement des donn\u00e9es de navigation anonymes afin d&rsquo;am\u00e9liorer l&rsquo;exp\u00e9rience utilisateur. Nous utilisons Google &hellip;","og_url":"https:\/\/www.meteomaroc.org\/ar\/politique-de-confidentialite\/","og_site_name":"M\u00e9t\u00e9o Maroc","twitter_card":"summary_large_image","twitter_misc":{"\u0648\u0642\u062a \u0627\u0644\u0642\u0631\u0627\u0621\u0629 \u0627\u0644\u0645\u064f\u0642\u062f\u0651\u0631":"\u062f\u0642\u064a\u0642\u0629 \u0648\u0627\u062d\u062f\u0629"},"schema":{"@context":"https:\/\/schema.org","@graph":[{"@type":"WebPage","@id":"https:\/\/www.meteomaroc.org\/politique-de-confidentialite\/","url":"https:\/\/www.meteomaroc.org\/politique-de-confidentialite\/","name":"Politique de confidentialit\u00e9 - M\u00e9t\u00e9o Maroc","isPartOf":{"@id":"https:\/\/www.meteomaroc.org\/#website"},"datePublished":"2026-05-07T00:09:50+00:00","breadcrumb":{"@id":"https:\/\/www.meteomaroc.org\/politique-de-confidentialite\/#breadcrumb"},"inLanguage":"ar","potentialAction":[{"@type":"ReadAction","target":["https:\/\/www.meteomaroc.org\/politique-de-confidentialite\/"]}]},{"@type":"BreadcrumbList","@id":"https:\/\/www.meteomaroc.org\/politique-de-confidentialite\/#breadcrumb","itemListElement":[{"@type":"ListItem","position":1,"name":"Accueil","item":"https:\/\/www.meteomaroc.org\/"},{"@type":"ListItem","position":2,"name":"Politique de confidentialit\u00e9"}]},{"@type":"WebSite","@id":"https:\/\/www.meteomaroc.org\/#website","url":"https:\/\/www.meteomaroc.org\/","name":"\u0637\u0642\u0633 \u0627\u0644\u0645\u063a\u0631\u0628","description":"M\u00e9t\u00e9o Maroc - Pr\u00e9visions 7 Jours &amp; Temps R\u00e9el | MeteoMaroc","publisher":{"@id":"https:\/\/www.meteomaroc.org\/#organization"},"alternateName":"MeteoMaroc","potentialAction":[{"@type":"SearchAction","target":{"@type":"EntryPoint","urlTemplate":"https:\/\/www.meteomaroc.org\/?s={search_term_string}"},"query-input":{"@type":"PropertyValueSpecification","valueRequired":true,"valueName":"search_term_string"}}],"inLanguage":"ar"},{"@type":["Organization","Place"],"@id":"https:\/\/www.meteomaroc.org\/#organization","name":"M\u00e9t\u00e9o Maroc - Pr\u00e9visions M\u00e9t\u00e9orologiques","alternateName":"MeteoMaroc","url":"https:\/\/www.meteomaroc.org\/","logo":{"@id":"https:\/\/www.meteomaroc.org\/politique-de-confidentialite\/#local-main-organization-logo"},"image":{"@id":"https:\/\/www.meteomaroc.org\/politique-de-confidentialite\/#local-main-organization-logo"},"telephone":[],"openingHoursSpecification":[{"@type":"OpeningHoursSpecification","dayOfWeek":["Monday","Tuesday","Wednesday","Thursday","Friday","Saturday","Sunday"],"opens":"09:00","closes":"17:00"}]},{"@type":"ImageObject","inLanguage":"ar","@id":"https:\/\/www.meteomaroc.org\/politique-de-confidentialite\/#local-main-organization-logo","url":"https:\/\/www.meteomaroc.org\/wp-content\/uploads\/2026\/05\/cropped-cropped-logo-meteo-maroc-250x80-1.png","contentUrl":"https:\/\/www.meteomaroc.org\/wp-content\/uploads\/2026\/05\/cropped-cropped-logo-meteo-maroc-250x80-1.png","width":70,"height":80,"caption":"M\u00e9t\u00e9o Maroc - Pr\u00e9visions M\u00e9t\u00e9orologiques"}]}},"_links":{"self":[{"href":"https:\/\/www.meteomaroc.org\/ar\/wp-json\/wp\/v2\/pages\/440","targetHints":{"allow":["GET"]}}],"collection":[{"href":"https:\/\/www.meteomaroc.org\/ar\/wp-json\/wp\/v2\/pages"}],"about":[{"href":"https:\/\/www.meteomaroc.org\/ar\/wp-json\/wp\/v2\/types\/page"}],"author":[{"embeddable":true,"href":"https:\/\/www.meteomaroc.org\/ar\/wp-json\/wp\/v2\/users\/1"}],"replies":[{"embeddable":true,"href":"https:\/\/www.meteomaroc.org\/ar\/wp-json\/wp\/v2\/comments?post=440"}],"version-history":[{"count":0,"href":"https:\/\/www.meteomaroc.org\/ar\/wp-json\/wp\/v2\/pages\/440\/revisions"}],"wp:attachment":[{"href":"https:\/\/www.meteomaroc.org\/ar\/wp-json\/wp\/v2\/media?parent=440"}],"curies":[{"name":"wp","href":"https:\/\/api.w.org\/{rel}","templated":true}]}}