{"id":441,"date":"2026-05-07T00:09:50","date_gmt":"2026-05-07T00:09:50","guid":{"rendered":"https:\/\/www.meteomaroc.org\/a-propos\/"},"modified":"2026-05-07T00:09:50","modified_gmt":"2026-05-07T00:09:50","slug":"a-propos","status":"publish","type":"page","link":"https:\/\/www.meteomaroc.org\/fr\/a-propos\/","title":{"rendered":"\u00c0 propos de MeteoMaroc"},"content":{"rendered":"<h2>\u00c0 propos de MeteoMaroc.org<\/h2>\n<p>MeteoMaroc.org est un service m\u00e9t\u00e9orologique gratuit d\u00e9di\u00e9 au Maroc, proposant des pr\u00e9visions pr\u00e9cises pour plus de 30 villes marocaines, mises \u00e0 jour en temps r\u00e9el.<\/p>\n<h3>Notre mission<\/h3>\n<p>Fournir des pr\u00e9visions m\u00e9t\u00e9o fiables et accessibles \u00e0 tous les Marocains : temp\u00e9ratures, pluie, vent, indice UV \u00e0 15 jours.<\/p>\n<h3>Nos donn\u00e9es<\/h3>\n<p>Nos pr\u00e9visions sont bas\u00e9es sur les mod\u00e8les m\u00e9t\u00e9orologiques mondiaux les plus avanc\u00e9s, actualis\u00e9es toutes les heures. Interface disponible en fran\u00e7ais et en arabe.<\/p>\n<h3>Contact<\/h3>\n<p>Email : contact@meteomaroc.org \u2014 <a href=\"\/fr\/contact\/\">Formulaire de contact<\/a><\/p>\n","protected":false},"excerpt":{"rendered":"<p>\u00c0 propos de MeteoMaroc.org MeteoMaroc.org est un service m\u00e9t\u00e9orologique gratuit d\u00e9di\u00e9 au Maroc, proposant des pr\u00e9visions pr\u00e9cises pour plus de 30 villes marocaines, mises \u00e0 &hellip; <\/p>\n","protected":false},"author":1,"featured_media":0,"parent":0,"menu_order":0,"comment_status":"closed","ping_status":"closed","template":"","meta":{"_monsterinsights_skip_tracking":false,"_monsterinsights_sitenote_active":false,"_monsterinsights_sitenote_note":"","_monsterinsights_sitenote_category":0,"_uf_show_specific_survey":0,"_uf_disable_surveys":false,"footnotes":""},"class_list":["post-441","page","type-page","status-publish","hentry"],"yoast_head":"<!-- This site is optimized with the Yoast SEO Premium plugin v27.6 (Yoast SEO v27.6) - https:\/\/yoast.com\/product\/yoast-seo-premium-wordpress\/ -->\n<title>\u00c0 propos de MeteoMaroc - M\u00e9t\u00e9o Maroc<\/title>\n<meta name=\"robots\" content=\"index, follow, max-snippet:-1, max-image-preview:large, max-video-preview:-1\" \/>\n<link rel=\"canonical\" href=\"https:\/\/www.meteomaroc.org\/fr\/a-propos\/\" \/>\n<meta property=\"og:locale\" content=\"fr_FR\" \/>\n<meta property=\"og:type\" content=\"article\" \/>\n<meta property=\"og:title\" content=\"\u00c0 propos de MeteoMaroc\" \/>\n<meta property=\"og:description\" content=\"\u00c0 propos de MeteoMaroc.org MeteoMaroc.org est un service m\u00e9t\u00e9orologique gratuit d\u00e9di\u00e9 au Maroc, proposant des pr\u00e9visions pr\u00e9cises pour plus de 30 villes marocaines, mises \u00e0 &hellip;\" \/>\n<meta property=\"og:url\" content=\"https:\/\/www.meteomaroc.org\/fr\/a-propos\/\" \/>\n<meta property=\"og:site_name\" content=\"M\u00e9t\u00e9o Maroc\" \/>\n<meta name=\"twitter:card\" content=\"summary_large_image\" \/>\n<script type=\"application\/ld+json\" class=\"yoast-schema-graph\">{\"@context\":\"https:\\\/\\\/schema.org\",\"@graph\":[{\"@type\":\"WebPage\",\"@id\":\"https:\\\/\\\/www.meteomaroc.org\\\/a-propos\\\/\",\"url\":\"https:\\\/\\\/www.meteomaroc.org\\\/a-propos\\\/\",\"name\":\"\u00c0 propos de MeteoMaroc - M\u00e9t\u00e9o Maroc\",\"isPartOf\":{\"@id\":\"https:\\\/\\\/www.meteomaroc.org\\\/#website\"},\"datePublished\":\"2026-05-07T00:09:50+00:00\",\"breadcrumb\":{\"@id\":\"https:\\\/\\\/www.meteomaroc.org\\\/a-propos\\\/#breadcrumb\"},\"inLanguage\":\"fr-FR\",\"potentialAction\":[{\"@type\":\"ReadAction\",\"target\":[\"https:\\\/\\\/www.meteomaroc.org\\\/a-propos\\\/\"]}]},{\"@type\":\"BreadcrumbList\",\"@id\":\"https:\\\/\\\/www.meteomaroc.org\\\/a-propos\\\/#breadcrumb\",\"itemListElement\":[{\"@type\":\"ListItem\",\"position\":1,\"name\":\"Accueil\",\"item\":\"https:\\\/\\\/www.meteomaroc.org\\\/\"},{\"@type\":\"ListItem\",\"position\":2,\"name\":\"\u00c0 propos de MeteoMaroc\"}]},{\"@type\":\"WebSite\",\"@id\":\"https:\\\/\\\/www.meteomaroc.org\\\/#website\",\"url\":\"https:\\\/\\\/www.meteomaroc.org\\\/\",\"name\":\"M\u00e9t\u00e9o Maroc\",\"description\":\"M\u00e9t\u00e9o Maroc - Pr\u00e9visions 7 Jours &amp; Temps R\u00e9el | MeteoMaroc\",\"publisher\":{\"@id\":\"https:\\\/\\\/www.meteomaroc.org\\\/#organization\"},\"alternateName\":\"MeteoMaroc\",\"potentialAction\":[{\"@type\":\"SearchAction\",\"target\":{\"@type\":\"EntryPoint\",\"urlTemplate\":\"https:\\\/\\\/www.meteomaroc.org\\\/?s={search_term_string}\"},\"query-input\":{\"@type\":\"PropertyValueSpecification\",\"valueRequired\":true,\"valueName\":\"search_term_string\"}}],\"inLanguage\":\"fr-FR\"},{\"@type\":[\"Organization\",\"Place\"],\"@id\":\"https:\\\/\\\/www.meteomaroc.org\\\/#organization\",\"name\":\"M\u00e9t\u00e9o Maroc - Pr\u00e9visions M\u00e9t\u00e9orologiques\",\"alternateName\":\"MeteoMaroc\",\"url\":\"https:\\\/\\\/www.meteomaroc.org\\\/\",\"logo\":{\"@id\":\"https:\\\/\\\/www.meteomaroc.org\\\/a-propos\\\/#local-main-organization-logo\"},\"image\":{\"@id\":\"https:\\\/\\\/www.meteomaroc.org\\\/a-propos\\\/#local-main-organization-logo\"},\"telephone\":[],\"openingHoursSpecification\":[{\"@type\":\"OpeningHoursSpecification\",\"dayOfWeek\":[\"Monday\",\"Tuesday\",\"Wednesday\",\"Thursday\",\"Friday\",\"Saturday\",\"Sunday\"],\"opens\":\"09:00\",\"closes\":\"17:00\"}]},{\"@type\":\"ImageObject\",\"inLanguage\":\"fr-FR\",\"@id\":\"https:\\\/\\\/www.meteomaroc.org\\\/a-propos\\\/#local-main-organization-logo\",\"url\":\"https:\\\/\\\/www.meteomaroc.org\\\/wp-content\\\/uploads\\\/2026\\\/05\\\/cropped-cropped-logo-meteo-maroc-250x80-1.png\",\"contentUrl\":\"https:\\\/\\\/www.meteomaroc.org\\\/wp-content\\\/uploads\\\/2026\\\/05\\\/cropped-cropped-logo-meteo-maroc-250x80-1.png\",\"width\":70,\"height\":80,\"caption\":\"M\u00e9t\u00e9o Maroc - Pr\u00e9visions M\u00e9t\u00e9orologiques\"}]}<\/script>\n<!-- \/ Yoast SEO Premium plugin. -->","yoast_head_json":{"title":"\u00c0 propos de MeteoMaroc - M\u00e9t\u00e9o Maroc","robots":{"index":"index","follow":"follow","max-snippet":"max-snippet:-1","max-image-preview":"max-image-preview:large","max-video-preview":"max-video-preview:-1"},"canonical":"https:\/\/www.meteomaroc.org\/fr\/a-propos\/","og_locale":"fr_FR","og_type":"article","og_title":"\u00c0 propos de MeteoMaroc","og_description":"\u00c0 propos de MeteoMaroc.org MeteoMaroc.org est un service m\u00e9t\u00e9orologique gratuit d\u00e9di\u00e9 au Maroc, proposant des pr\u00e9visions pr\u00e9cises pour plus de 30 villes marocaines, mises \u00e0 &hellip;","og_url":"https:\/\/www.meteomaroc.org\/fr\/a-propos\/","og_site_name":"M\u00e9t\u00e9o Maroc","twitter_card":"summary_large_image","schema":{"@context":"https:\/\/schema.org","@graph":[{"@type":"WebPage","@id":"https:\/\/www.meteomaroc.org\/a-propos\/","url":"https:\/\/www.meteomaroc.org\/a-propos\/","name":"\u00c0 propos de MeteoMaroc - M\u00e9t\u00e9o Maroc","isPartOf":{"@id":"https:\/\/www.meteomaroc.org\/#website"},"datePublished":"2026-05-07T00:09:50+00:00","breadcrumb":{"@id":"https:\/\/www.meteomaroc.org\/a-propos\/#breadcrumb"},"inLanguage":"fr-FR","potentialAction":[{"@type":"ReadAction","target":["https:\/\/www.meteomaroc.org\/a-propos\/"]}]},{"@type":"BreadcrumbList","@id":"https:\/\/www.meteomaroc.org\/a-propos\/#breadcrumb","itemListElement":[{"@type":"ListItem","position":1,"name":"Accueil","item":"https:\/\/www.meteomaroc.org\/"},{"@type":"ListItem","position":2,"name":"\u00c0 propos de MeteoMaroc"}]},{"@type":"WebSite","@id":"https:\/\/www.meteomaroc.org\/#website","url":"https:\/\/www.meteomaroc.org\/","name":"M\u00e9t\u00e9o Maroc","description":"M\u00e9t\u00e9o Maroc - Pr\u00e9visions 7 Jours &amp; Temps R\u00e9el | MeteoMaroc","publisher":{"@id":"https:\/\/www.meteomaroc.org\/#organization"},"alternateName":"MeteoMaroc","potentialAction":[{"@type":"SearchAction","target":{"@type":"EntryPoint","urlTemplate":"https:\/\/www.meteomaroc.org\/?s={search_term_string}"},"query-input":{"@type":"PropertyValueSpecification","valueRequired":true,"valueName":"search_term_string"}}],"inLanguage":"fr-FR"},{"@type":["Organization","Place"],"@id":"https:\/\/www.meteomaroc.org\/#organization","name":"M\u00e9t\u00e9o Maroc - Pr\u00e9visions M\u00e9t\u00e9orologiques","alternateName":"MeteoMaroc","url":"https:\/\/www.meteomaroc.org\/","logo":{"@id":"https:\/\/www.meteomaroc.org\/a-propos\/#local-main-organization-logo"},"image":{"@id":"https:\/\/www.meteomaroc.org\/a-propos\/#local-main-organization-logo"},"telephone":[],"openingHoursSpecification":[{"@type":"OpeningHoursSpecification","dayOfWeek":["Monday","Tuesday","Wednesday","Thursday","Friday","Saturday","Sunday"],"opens":"09:00","closes":"17:00"}]},{"@type":"ImageObject","inLanguage":"fr-FR","@id":"https:\/\/www.meteomaroc.org\/a-propos\/#local-main-organization-logo","url":"https:\/\/www.meteomaroc.org\/wp-content\/uploads\/2026\/05\/cropped-cropped-logo-meteo-maroc-250x80-1.png","contentUrl":"https:\/\/www.meteomaroc.org\/wp-content\/uploads\/2026\/05\/cropped-cropped-logo-meteo-maroc-250x80-1.png","width":70,"height":80,"caption":"M\u00e9t\u00e9o Maroc - Pr\u00e9visions M\u00e9t\u00e9orologiques"}]}},"_links":{"self":[{"href":"https:\/\/www.meteomaroc.org\/fr\/wp-json\/wp\/v2\/pages\/441","targetHints":{"allow":["GET"]}}],"collection":[{"href":"https:\/\/www.meteomaroc.org\/fr\/wp-json\/wp\/v2\/pages"}],"about":[{"href":"https:\/\/www.meteomaroc.org\/fr\/wp-json\/wp\/v2\/types\/page"}],"author":[{"embeddable":true,"href":"https:\/\/www.meteomaroc.org\/fr\/wp-json\/wp\/v2\/users\/1"}],"replies":[{"embeddable":true,"href":"https:\/\/www.meteomaroc.org\/fr\/wp-json\/wp\/v2\/comments?post=441"}],"version-history":[{"count":0,"href":"https:\/\/www.meteomaroc.org\/fr\/wp-json\/wp\/v2\/pages\/441\/revisions"}],"wp:attachment":[{"href":"https:\/\/www.meteomaroc.org\/fr\/wp-json\/wp\/v2\/media?parent=441"}],"curies":[{"name":"wp","href":"https:\/\/api.w.org\/{rel}","templated":true}]}}