{"id":442,"date":"2026-05-07T00:09:51","date_gmt":"2026-05-07T00:09:51","guid":{"rendered":"https:\/\/www.meteomaroc.org\/conditions-utilisation\/"},"modified":"2026-05-07T00:09:51","modified_gmt":"2026-05-07T00:09:51","slug":"conditions-utilisation","status":"publish","type":"page","link":"https:\/\/www.meteomaroc.org\/fr\/conditions-utilisation\/","title":{"rendered":"Conditions d&rsquo;utilisation"},"content":{"rendered":"<h2>Conditions d&rsquo;utilisation<\/h2>\n<p>Derni\u00e8re mise \u00e0 jour : Mai 2026<\/p>\n<p>En utilisant MeteoMaroc.org, vous acceptez les pr\u00e9sentes conditions.<\/p>\n<h3>Service m\u00e9t\u00e9o<\/h3>\n<p>Les pr\u00e9visions sont fournies \u00e0 titre indicatif. MeteoMaroc.org ne peut \u00eatre tenu responsable de d\u00e9cisions bas\u00e9es sur ces donn\u00e9es.<\/p>\n<h3>Publicit\u00e9<\/h3>\n<p>MeteoMaroc.org affiche des publicit\u00e9s via Google AdSense. Nous ne sommes pas responsables du contenu des annonces tierces.<\/p>\n<h3>Propri\u00e9t\u00e9 intellectuelle<\/h3>\n<p>Tout le contenu du site est la propri\u00e9t\u00e9 de MeteoMaroc.org. Toute reproduction sans autorisation est interdite.<\/p>\n<h3>Contact<\/h3>\n<p><a href=\"\/fr\/contact\/\">Page de contact<\/a> \u2014 contact@meteomaroc.org<\/p>\n","protected":false},"excerpt":{"rendered":"<p>Conditions d&rsquo;utilisation Derni\u00e8re mise \u00e0 jour : Mai 2026 En utilisant MeteoMaroc.org, vous acceptez les pr\u00e9sentes conditions. Service m\u00e9t\u00e9o Les pr\u00e9visions sont fournies \u00e0 titre &hellip; <\/p>\n","protected":false},"author":1,"featured_media":0,"parent":0,"menu_order":0,"comment_status":"closed","ping_status":"closed","template":"","meta":{"_monsterinsights_skip_tracking":false,"_monsterinsights_sitenote_active":false,"_monsterinsights_sitenote_note":"","_monsterinsights_sitenote_category":0,"_uf_show_specific_survey":0,"_uf_disable_surveys":false,"footnotes":""},"class_list":["post-442","page","type-page","status-publish","hentry"],"yoast_head":"<!-- This site is optimized with the Yoast SEO Premium plugin v27.6 (Yoast SEO v27.6) - https:\/\/yoast.com\/product\/yoast-seo-premium-wordpress\/ -->\n<title>Conditions d&#039;utilisation - M\u00e9t\u00e9o Maroc<\/title>\n<meta name=\"robots\" content=\"index, follow, max-snippet:-1, max-image-preview:large, max-video-preview:-1\" \/>\n<link rel=\"canonical\" href=\"https:\/\/www.meteomaroc.org\/fr\/conditions-utilisation\/\" \/>\n<meta property=\"og:locale\" content=\"fr_FR\" \/>\n<meta property=\"og:type\" content=\"article\" \/>\n<meta property=\"og:title\" content=\"Conditions d&#039;utilisation\" \/>\n<meta property=\"og:description\" content=\"Conditions d&rsquo;utilisation Derni\u00e8re mise \u00e0 jour : Mai 2026 En utilisant MeteoMaroc.org, vous acceptez les pr\u00e9sentes conditions. Service m\u00e9t\u00e9o Les pr\u00e9visions sont fournies \u00e0 titre &hellip;\" \/>\n<meta property=\"og:url\" content=\"https:\/\/www.meteomaroc.org\/fr\/conditions-utilisation\/\" \/>\n<meta property=\"og:site_name\" content=\"M\u00e9t\u00e9o Maroc\" \/>\n<meta name=\"twitter:card\" content=\"summary_large_image\" \/>\n<script type=\"application\/ld+json\" class=\"yoast-schema-graph\">{\"@context\":\"https:\\\/\\\/schema.org\",\"@graph\":[{\"@type\":\"WebPage\",\"@id\":\"https:\\\/\\\/www.meteomaroc.org\\\/conditions-utilisation\\\/\",\"url\":\"https:\\\/\\\/www.meteomaroc.org\\\/conditions-utilisation\\\/\",\"name\":\"Conditions d'utilisation - M\u00e9t\u00e9o Maroc\",\"isPartOf\":{\"@id\":\"https:\\\/\\\/www.meteomaroc.org\\\/#website\"},\"datePublished\":\"2026-05-07T00:09:51+00:00\",\"breadcrumb\":{\"@id\":\"https:\\\/\\\/www.meteomaroc.org\\\/conditions-utilisation\\\/#breadcrumb\"},\"inLanguage\":\"fr-FR\",\"potentialAction\":[{\"@type\":\"ReadAction\",\"target\":[\"https:\\\/\\\/www.meteomaroc.org\\\/conditions-utilisation\\\/\"]}]},{\"@type\":\"BreadcrumbList\",\"@id\":\"https:\\\/\\\/www.meteomaroc.org\\\/conditions-utilisation\\\/#breadcrumb\",\"itemListElement\":[{\"@type\":\"ListItem\",\"position\":1,\"name\":\"Accueil\",\"item\":\"https:\\\/\\\/www.meteomaroc.org\\\/\"},{\"@type\":\"ListItem\",\"position\":2,\"name\":\"Conditions d&rsquo;utilisation\"}]},{\"@type\":\"WebSite\",\"@id\":\"https:\\\/\\\/www.meteomaroc.org\\\/#website\",\"url\":\"https:\\\/\\\/www.meteomaroc.org\\\/\",\"name\":\"M\u00e9t\u00e9o Maroc\",\"description\":\"M\u00e9t\u00e9o Maroc - Pr\u00e9visions 7 Jours &amp; Temps R\u00e9el | MeteoMaroc\",\"publisher\":{\"@id\":\"https:\\\/\\\/www.meteomaroc.org\\\/#organization\"},\"alternateName\":\"MeteoMaroc\",\"potentialAction\":[{\"@type\":\"SearchAction\",\"target\":{\"@type\":\"EntryPoint\",\"urlTemplate\":\"https:\\\/\\\/www.meteomaroc.org\\\/?s={search_term_string}\"},\"query-input\":{\"@type\":\"PropertyValueSpecification\",\"valueRequired\":true,\"valueName\":\"search_term_string\"}}],\"inLanguage\":\"fr-FR\"},{\"@type\":[\"Organization\",\"Place\"],\"@id\":\"https:\\\/\\\/www.meteomaroc.org\\\/#organization\",\"name\":\"M\u00e9t\u00e9o Maroc - Pr\u00e9visions M\u00e9t\u00e9orologiques\",\"alternateName\":\"MeteoMaroc\",\"url\":\"https:\\\/\\\/www.meteomaroc.org\\\/\",\"logo\":{\"@id\":\"https:\\\/\\\/www.meteomaroc.org\\\/conditions-utilisation\\\/#local-main-organization-logo\"},\"image\":{\"@id\":\"https:\\\/\\\/www.meteomaroc.org\\\/conditions-utilisation\\\/#local-main-organization-logo\"},\"telephone\":[],\"openingHoursSpecification\":[{\"@type\":\"OpeningHoursSpecification\",\"dayOfWeek\":[\"Monday\",\"Tuesday\",\"Wednesday\",\"Thursday\",\"Friday\",\"Saturday\",\"Sunday\"],\"opens\":\"09:00\",\"closes\":\"17:00\"}]},{\"@type\":\"ImageObject\",\"inLanguage\":\"fr-FR\",\"@id\":\"https:\\\/\\\/www.meteomaroc.org\\\/conditions-utilisation\\\/#local-main-organization-logo\",\"url\":\"https:\\\/\\\/www.meteomaroc.org\\\/wp-content\\\/uploads\\\/2026\\\/05\\\/cropped-cropped-logo-meteo-maroc-250x80-1.png\",\"contentUrl\":\"https:\\\/\\\/www.meteomaroc.org\\\/wp-content\\\/uploads\\\/2026\\\/05\\\/cropped-cropped-logo-meteo-maroc-250x80-1.png\",\"width\":70,\"height\":80,\"caption\":\"M\u00e9t\u00e9o Maroc - Pr\u00e9visions M\u00e9t\u00e9orologiques\"}]}<\/script>\n<!-- \/ Yoast SEO Premium plugin. -->","yoast_head_json":{"title":"Conditions d'utilisation - M\u00e9t\u00e9o Maroc","robots":{"index":"index","follow":"follow","max-snippet":"max-snippet:-1","max-image-preview":"max-image-preview:large","max-video-preview":"max-video-preview:-1"},"canonical":"https:\/\/www.meteomaroc.org\/fr\/conditions-utilisation\/","og_locale":"fr_FR","og_type":"article","og_title":"Conditions d'utilisation","og_description":"Conditions d&rsquo;utilisation Derni\u00e8re mise \u00e0 jour : Mai 2026 En utilisant MeteoMaroc.org, vous acceptez les pr\u00e9sentes conditions. Service m\u00e9t\u00e9o Les pr\u00e9visions sont fournies \u00e0 titre &hellip;","og_url":"https:\/\/www.meteomaroc.org\/fr\/conditions-utilisation\/","og_site_name":"M\u00e9t\u00e9o Maroc","twitter_card":"summary_large_image","schema":{"@context":"https:\/\/schema.org","@graph":[{"@type":"WebPage","@id":"https:\/\/www.meteomaroc.org\/conditions-utilisation\/","url":"https:\/\/www.meteomaroc.org\/conditions-utilisation\/","name":"Conditions d'utilisation - M\u00e9t\u00e9o Maroc","isPartOf":{"@id":"https:\/\/www.meteomaroc.org\/#website"},"datePublished":"2026-05-07T00:09:51+00:00","breadcrumb":{"@id":"https:\/\/www.meteomaroc.org\/conditions-utilisation\/#breadcrumb"},"inLanguage":"fr-FR","potentialAction":[{"@type":"ReadAction","target":["https:\/\/www.meteomaroc.org\/conditions-utilisation\/"]}]},{"@type":"BreadcrumbList","@id":"https:\/\/www.meteomaroc.org\/conditions-utilisation\/#breadcrumb","itemListElement":[{"@type":"ListItem","position":1,"name":"Accueil","item":"https:\/\/www.meteomaroc.org\/"},{"@type":"ListItem","position":2,"name":"Conditions d&rsquo;utilisation"}]},{"@type":"WebSite","@id":"https:\/\/www.meteomaroc.org\/#website","url":"https:\/\/www.meteomaroc.org\/","name":"M\u00e9t\u00e9o Maroc","description":"M\u00e9t\u00e9o Maroc - Pr\u00e9visions 7 Jours &amp; Temps R\u00e9el | MeteoMaroc","publisher":{"@id":"https:\/\/www.meteomaroc.org\/#organization"},"alternateName":"MeteoMaroc","potentialAction":[{"@type":"SearchAction","target":{"@type":"EntryPoint","urlTemplate":"https:\/\/www.meteomaroc.org\/?s={search_term_string}"},"query-input":{"@type":"PropertyValueSpecification","valueRequired":true,"valueName":"search_term_string"}}],"inLanguage":"fr-FR"},{"@type":["Organization","Place"],"@id":"https:\/\/www.meteomaroc.org\/#organization","name":"M\u00e9t\u00e9o Maroc - Pr\u00e9visions M\u00e9t\u00e9orologiques","alternateName":"MeteoMaroc","url":"https:\/\/www.meteomaroc.org\/","logo":{"@id":"https:\/\/www.meteomaroc.org\/conditions-utilisation\/#local-main-organization-logo"},"image":{"@id":"https:\/\/www.meteomaroc.org\/conditions-utilisation\/#local-main-organization-logo"},"telephone":[],"openingHoursSpecification":[{"@type":"OpeningHoursSpecification","dayOfWeek":["Monday","Tuesday","Wednesday","Thursday","Friday","Saturday","Sunday"],"opens":"09:00","closes":"17:00"}]},{"@type":"ImageObject","inLanguage":"fr-FR","@id":"https:\/\/www.meteomaroc.org\/conditions-utilisation\/#local-main-organization-logo","url":"https:\/\/www.meteomaroc.org\/wp-content\/uploads\/2026\/05\/cropped-cropped-logo-meteo-maroc-250x80-1.png","contentUrl":"https:\/\/www.meteomaroc.org\/wp-content\/uploads\/2026\/05\/cropped-cropped-logo-meteo-maroc-250x80-1.png","width":70,"height":80,"caption":"M\u00e9t\u00e9o Maroc - Pr\u00e9visions M\u00e9t\u00e9orologiques"}]}},"_links":{"self":[{"href":"https:\/\/www.meteomaroc.org\/fr\/wp-json\/wp\/v2\/pages\/442","targetHints":{"allow":["GET"]}}],"collection":[{"href":"https:\/\/www.meteomaroc.org\/fr\/wp-json\/wp\/v2\/pages"}],"about":[{"href":"https:\/\/www.meteomaroc.org\/fr\/wp-json\/wp\/v2\/types\/page"}],"author":[{"embeddable":true,"href":"https:\/\/www.meteomaroc.org\/fr\/wp-json\/wp\/v2\/users\/1"}],"replies":[{"embeddable":true,"href":"https:\/\/www.meteomaroc.org\/fr\/wp-json\/wp\/v2\/comments?post=442"}],"version-history":[{"count":0,"href":"https:\/\/www.meteomaroc.org\/fr\/wp-json\/wp\/v2\/pages\/442\/revisions"}],"wp:attachment":[{"href":"https:\/\/www.meteomaroc.org\/fr\/wp-json\/wp\/v2\/media?parent=442"}],"curies":[{"name":"wp","href":"https:\/\/api.w.org\/{rel}","templated":true}]}}